{"id":6187,"date":"2023-02-17T15:01:05","date_gmt":"2023-02-17T14:01:05","guid":{"rendered":"https:\/\/www.wakantankafilms.com\/?page_id=6187"},"modified":"2026-04-13T12:30:53","modified_gmt":"2026-04-13T10:30:53","slug":"menti0ns-legales","status":"publish","type":"page","link":"https:\/\/www.wakantankafilms.com\/index.php\/menti0ns-legales\/","title":{"rendered":"MENTI0NS LEGALES"},"content":{"rendered":"<p><strong>Site \u00e9dit\u00e9 par WakantankaFilms SAS<\/strong><\/p>\n<p><strong>Responsable de la publication<\/strong> : Eric Tourneret<\/p>\n<p><strong>Si\u00e8ge social<\/strong> : 114 rue de la mairie, 07240 CHALENCON<\/p>\n<p><strong>Contact<\/strong> : prod [at] wakantankafilms.com<\/p>\n<p>RCS Aubenas 913 362 257<\/p>\n<p>N\u00b0 de TVA : FR 34913362257<\/p>\n<p>N\u00b0 de siret : 91336225700036<\/p>\n<p>Wakantankafilms.com est une marque d\u00e9pos\u00e9e de la soci\u00e9t\u00e9 Wakantanka films SAS<\/p>\n<p>Le site est h\u00e9berg\u00e9 chez OVH<\/p>\n<p><strong>Conditions g\u00e9n\u00e9rales d\u2019utilisation du site. <\/strong><\/p>\n<p>L\u2019utilisation du site Wakantankafilms.com implique l\u2019acceptation pleine et enti\u00e8re des conditions g\u00e9n\u00e9rales d\u2019utilisation ci-apr\u00e8s d\u00e9crites. Ces conditions d\u2019utilisation sont susceptibles d\u2019\u00eatre modifi\u00e9es ou compl\u00e9t\u00e9es \u00e0 tout moment, les utilisateurs du site Wakantankafilms.com sont donc invit\u00e9s \u00e0 les consulter de mani\u00e8re r\u00e9guli\u00e8re. Ce site est normalement accessible \u00e0 tout moment aux utilisateurs. Une interruption pour raison de maintenance technique peut \u00eatre toutefois d\u00e9cid\u00e9e par Wakantanka Films SAS.<\/p>\n<p><strong>Description des services fournis. <\/strong><\/p>\n<p>Le site Wakantankafilms.com a pour objet de fournir une information concernant les activit\u00e9s de la soci\u00e9t\u00e9. Toutefois, il ne pourra \u00eatre tenue responsable des omissions, des inexactitudes et des carences dans la mise \u00e0 jour, qu\u2019elles soient de son fait ou du fait des tiers partenaires qui lui fournissent ces informations. Tous les informations indiqu\u00e9es sur le site Wakantankafilms.com sont donn\u00e9es \u00e0 titre indicatif, et sont susceptibles d\u2019\u00e9voluer. Par ailleurs, les renseignements figurant sur le site ne sont pas exhaustifs. Ils sont donn\u00e9s sous r\u00e9serve de modifications ayant \u00e9t\u00e9 apport\u00e9es depuis leur mise en ligne. Le contenu des liens hypertextes vers d\u2019autres sites mis en place sur Wakantankafilms.com ne pouvant pas \u00eatre v\u00e9rifier en permanence par Wakantanka Films SAS, Wakantanka Films SAS n\u2019assumera en cons\u00e9quence aucune responsabilit\u00e9 de ce fait.<\/p>\n<p><strong>Propri\u00e9t\u00e9 intellectuelle et contrefa\u00e7ons. <\/strong><\/p>\n<p>Wakantanka films SAS est propri\u00e9taire des droits de propri\u00e9t\u00e9 intellectuelle ou d\u00e9tient les droits d\u2019usage sur tous les \u00e9l\u00e9ments accessibles sur le site, notamment les vid\u00e9os textes, images, graphismes, logo, ic\u00f4nes, sons. Toute reproduction, repr\u00e9sentation, modification, publication, adaptation de tout ou partie des \u00e9l\u00e9ments du site, quel que soit le moyen ou le proc\u00e9d\u00e9 utilis\u00e9, est interdite, sauf autorisation \u00e9crite pr\u00e9alable de Wakantanka films SAS. Toute exploitation non autoris\u00e9e du site ou de l\u2019un quelconque des \u00e9l\u00e9ments qu\u2019il contient sera consid\u00e9r\u00e9e comme constitutive d\u2019une contrefa\u00e7on et poursuivie conform\u00e9ment aux dispositions des articles L.335-2 et suivants du Code de Propri\u00e9t\u00e9 Intellectuelle.<\/p>\n<p><strong>Utilisation des donn\u00e9es collect\u00e9es sur le site.<\/strong><\/p>\n<p>Aucune donn\u00e9e personnelle n\u2019est collect\u00e9e \u00e0 l\u2019insu des visiteurs de Wakantankafilms.com.<\/p>\n<p>Les seules donn\u00e9es personnelles susceptibles d\u2019\u00eatre collect\u00e9es sur le site sont le nom et le pr\u00e9nom, la fonction et le nom de la soci\u00e9t\u00e9, un num\u00e9ro de t\u00e9l\u00e9phone et des adresses de courrier \u00e9lectronique. Elles ne sont recueillies par Wakantankafilms.com qu\u2019\u00e0 la suite d\u2019une demande volontaire \u00e9manant des visiteurs souhaitant obtenir des informations.<\/p>\n<p><strong>Droit d\u2019acc\u00e8s, de modification, de rectification et de suppression des donn\u00e9es collect\u00e9es.<\/strong><\/p>\n<p>Conform\u00e9ment \u00e0 l\u2019article 34 de la Loi n\u00b0 78-17 du 6 janvier 1978 relative \u00e0 l\u2019informatique, aux fichiers et aux libert\u00e9s, vous disposez d\u2019un droit d\u2019acc\u00e8s, de modification, de rectification et de suppression des donn\u00e9es qui vous concernent. Pour l\u2019exercer, merci de nous contacter \u00e0 l\u2019adresse postale suivante :<\/p>\n<p>Wakantanka Films 415 chemin de Beauvent 07240 Silhac<\/p>\n<p><strong>Conformit\u00e9 aux lois fran\u00e7aises <\/strong><\/p>\n<p>Toutes les informations disponibles sur le pr\u00e9sent site web sont conformes aux lois fran\u00e7aises en vigueur. Le pr\u00e9sent site web est conforme \u00e0 la Loi n\u00b0 2004-575 du 21 juin 2004 pour la confiance dans l\u2019\u00e9conomie num\u00e9rique.<\/p>\n<p><strong>Droit applicable et attribution de juridiction. <\/strong><\/p>\n<p>Tout litige en relation avec l\u2019utilisation du site Wakantankafilms.com est soumis au droit fran\u00e7ais. Il est fait attribution exclusive de juridiction aux tribunaux comp\u00e9tents d\u2019Aubenas.<\/p>\n","protected":false},"excerpt":{"rendered":"<p>Site \u00e9dit\u00e9 par WakantankaFilms SAS Responsable de la publication : Eric Tourneret Si\u00e8ge social : 114 rue de la mairie, 07240 CHALENCON Contact : prod [at] wakantankafilms.com RCS Aubenas 913 362 257 N\u00b0 de TVA : FR 34913362257 N\u00b0 de siret : 91336225700036 Wakantankafilms.com est une marque d\u00e9pos\u00e9e de la [&hellip;]<\/p>\n","protected":false},"author":1,"featured_media":0,"parent":0,"menu_order":0,"comment_status":"closed","ping_status":"closed","template":"page-templates\/full-width-builder.php","meta":{"footnotes":""},"class_list":["post-6187","page","type-page","status-publish","hentry"],"_links":{"self":[{"href":"https:\/\/www.wakantankafilms.com\/index.php\/wp-json\/wp\/v2\/pages\/6187","targetHints":{"allow":["GET"]}}],"collection":[{"href":"https:\/\/www.wakantankafilms.com\/index.php\/wp-json\/wp\/v2\/pages"}],"about":[{"href":"https:\/\/www.wakantankafilms.com\/index.php\/wp-json\/wp\/v2\/types\/page"}],"author":[{"embeddable":true,"href":"https:\/\/www.wakantankafilms.com\/index.php\/wp-json\/wp\/v2\/users\/1"}],"replies":[{"embeddable":true,"href":"https:\/\/www.wakantankafilms.com\/index.php\/wp-json\/wp\/v2\/comments?post=6187"}],"version-history":[{"count":4,"href":"https:\/\/www.wakantankafilms.com\/index.php\/wp-json\/wp\/v2\/pages\/6187\/revisions"}],"predecessor-version":[{"id":6209,"href":"https:\/\/www.wakantankafilms.com\/index.php\/wp-json\/wp\/v2\/pages\/6187\/revisions\/6209"}],"wp:attachment":[{"href":"https:\/\/www.wakantankafilms.com\/index.php\/wp-json\/wp\/v2\/media?parent=6187"}],"curies":[{"name":"wp","href":"https:\/\/api.w.org\/{rel}","templated":true}]}}